{"id":789,"date":"2022-06-12T08:48:32","date_gmt":"2022-06-12T08:48:32","guid":{"rendered":"https:\/\/gap-recursos.com\/?page_id=789"},"modified":"2022-06-12T09:55:40","modified_gmt":"2022-06-12T09:55:40","slug":"politica-de-privacidad","status":"publish","type":"page","link":"https:\/\/gap-recursos.com\/?page_id=789","title":{"rendered":"Pol\u00edtica de privacidad"},"content":{"rendered":"\n<p><strong>INFORMACI\u00d3N GENERAL DE PRIVACIDAD. ALCANCE<\/strong><\/p>\n\n\n\n<p>La presente Pol\u00edtica de privacidad de GAP RECURSOS S.L. regula la obtenci\u00f3n, utilizaci\u00f3n y otras formas de procesamiento de datos personales facilitados por los Usuarios en la presente web o en cualquiera de los entornos de Internet de la entidad.<\/p>\n\n\n\n<p>Mediante la implementaci\u00f3n de los formularios incluidos en los diferentes websites, relativos a servicios prestados por GAP RECURSOS S.L., los Usuarios aceptan la inclusi\u00f3n y tratamiento de los datos que proporcionen en un tratamiento de datos de car\u00e1cter personal, del cual es titular GAP RECURSOS S.L. pudi\u00e9ndose ejercer los derechos pertinentes seg\u00fan lo expuesto en las siguientes cl\u00e1usulas.<\/p>\n\n\n\n<p>Todos los textos legales se encuentran a disposici\u00f3n de los usuarios y\/o interesados en la correspondiente web. Dichos textos podr\u00e1n ser modificados y\/o actualizados seg\u00fan las necesidades y actividades llevadas a cabo por GAP RECURSOS S.L..<\/p>\n\n\n\n<p><strong>\u00bfQui\u00e9n es responsable del tratamiento de sus datos?<\/strong><\/p>\n\n\n\n<p>GAP RECURSOS S.L., es la persona jur\u00eddica responsable de la recogida y procesamiento de sus datos personales en relaci\u00f3n con los servicios que la misma presta.<\/p>\n\n\n\n<p>GAP RECURSOS S.L. se compromete a respetar y salvaguardar su privacidad y la seguridad de sus datos.<\/p>\n\n\n\n<p>Los datos identificativos del responsable de tratamiento son:<\/p>\n\n\n\n<p class=\"has-vivid-red-color has-text-color\">Raz\u00f3n Social del responsable&nbsp;&nbsp; GAP RECURSOS S.L.&nbsp;&nbsp;&nbsp;<\/p>\n\n\n\n<p class=\"has-vivid-red-color has-text-color\">CIF&nbsp; B71037428<\/p>\n\n\n\n<p class=\"has-vivid-red-color has-text-color\">Direcci\u00f3n:&nbsp; Paseo de los fueros, 34B<\/p>\n\n\n\n<p class=\"has-vivid-red-color has-text-color\">Poblaci\u00f3n: Puente la Reina \/ Gares &nbsp;&nbsp;&nbsp;&nbsp;&nbsp;&nbsp;&nbsp;&nbsp;&nbsp;&nbsp;&nbsp;&nbsp;&nbsp;&nbsp;<\/p>\n\n\n\n<p class=\"has-vivid-red-color has-text-color\">C\u00f3digo Postal:&nbsp; 31100<\/p>\n\n\n\n<p class=\"has-vivid-red-color has-text-color\">Email&nbsp;&nbsp; <a href=\"mailto:gap-recursos@gap-recursos.com\">gap-recursos@gap-recursos.com<\/a><\/p>\n\n\n\n<p><strong>\u00bfCon qu\u00e9 finalidad\/es recopilamos sus datos?<\/strong><\/p>\n\n\n\n<p>De acuerdo con lo dispuesto en la normativa vigente, GAP RECURSOS S.L. s\u00f3lo recoge los datos estrictamente necesarios para ofrecer los servicios derivados de su actividad y dem\u00e1s prestaciones, gestiones y actividades atribuidas por la Ley.<\/p>\n\n\n\n<p>En la presente web, s\u00f3lo se tratan datos de contacto, facilitados por los Usuarios. Los datos que se pueden recabar del usuario ser\u00e1n tratados con las finalidades de:<\/p>\n\n\n\n<ul class=\"wp-block-list\"><li>Gesti\u00f3n de sus datos de contacto para solventar dudas o sugerencias, siendo la base legal su consentimiento.<\/li><li>Enviarle, en su caso, notificaciones que puedan ser de su inter\u00e9s, siendo la base legal su consentimiento<\/li><li>Gesti\u00f3n de sus datos para procesos de selecci\u00f3n de personal, con la base legal de su consentimiento.<\/li><\/ul>\n\n\n\n<p>Se informa de que no se realizar\u00e1n evaluaciones automatizadas, ni se elaborar\u00e1n perfiles de usuarios.<\/p>\n\n\n\n<p>Asimismo, le informamos que la informaci\u00f3n de las bases de datos podr\u00e1 ser usada para la identificaci\u00f3n de los Usuarios y para la realizaci\u00f3n de estudios estad\u00edsticos de los Usuarios registrados.<\/p>\n\n\n\n<p><strong>\u00bfDurante cu\u00e1nto tiempo conservamos sus datos personales?<\/strong><\/p>\n\n\n\n<p>Los datos personales ser\u00e1n conservados mientras el usuario no manifieste lo contrario y por los plazos de conservaci\u00f3n legalmente establecidos, salvo que por motivos l\u00f3gicos y evidentes hayan perdido la utilidad o la finalidad leg\u00edtima para la que fueron captados.<\/p>\n\n\n\n<p><strong>\u00bfA qu\u00e9 destinatarios se comunicar\u00e1n sus datos?<\/strong><\/p>\n\n\n\n<p>Sus datos pueden ser comunicados a los siguientes terceros de confianza de GAP RECURSOS S.L.: &nbsp;terceros que nos ayudan a proporcionar servicios de Tecnolog\u00edas de la Informaci\u00f3n, como proveedores de plataforma, mantenimiento y soporte en nuestras bases de datos, as\u00ed como en nuestro software y aplicaciones que pueden contener datos sobre usted.<\/p>\n\n\n\n<p>GAP RECURSOS S.L. colaborar\u00e1 para que los terceros cumplan con la legislaci\u00f3n vigente, si bien la responsabilidad ser\u00e1 exigible a los citados terceros.<\/p>\n\n\n\n<p>GAP RECURSOS S.L. no vende, alquila o cede los datos personales de los usuarios de esta web, a excepci\u00f3n del caso que sea necesario para la propia prestaci\u00f3n del servicio.<\/p>\n\n\n\n<p>La web posee enlaces, aplicaciones o funcionalidades compartidas con terceros, como son redes sociales o sistemas de comunicaci\u00f3n on-line, GAP RECURSOS S.L. no se hace responsable de las informaciones que se recojan en dichas aplicaciones, funcionalidades o redes sociales titularidad de terceros al no tener ninguna capacidad de gesti\u00f3n ni control sobre las mismas, siendo por tanto de aplicaci\u00f3n los avisos legales y las pol\u00edticas de privacidad que pudieran constar en los sitios web o similares de los terceros.<\/p>\n\n\n\n<p><strong>\u00bfCu\u00e1les son los derechos de los Usuarios que nos facilitan sus datos?<\/strong><\/p>\n\n\n\n<p>Los Usuarios podr\u00e1n ejercitar, respecto de los datos recabados en la forma descrita en el punto primero, los derechos reconocidos en el Reglamento (UE) 2016\/679 del Parlamento Europeo y del Consejo de 27 de abril de 2016 relativo a la protecci\u00f3n de las personas f\u00edsicas en lo que respecta al tratamiento de datos personales y a la libre circulaci\u00f3n de estos datos y por el que se deroga la Directiva 95\/46\/CE (Reglamento general de protecci\u00f3n de datos) y la Ley&nbsp; Org\u00e1nica 3\/2018, de 5 de diciembre, de Protecci\u00f3n de Datos Personales y garant\u00eda de los derechos digitales y en particular los derechos de portabilidad, acceso, rectificaci\u00f3n, supresi\u00f3n, oposici\u00f3n y limitaci\u00f3n al tratamiento.<\/p>\n\n\n\n<p>Los derechos referidos en el p\u00e1rrafo precedente podr\u00e1n ejercitarse por cada Usuario mediante solicitud escrita y firmada, acompa\u00f1ada de fotocopia de DNI o Pasaporte, dirigida a la siguiente direcci\u00f3n:<\/p>\n\n\n\n<p class=\"has-vivid-red-color has-text-color\">GAP RECURSOS S.L.<\/p>\n\n\n\n<p class=\"has-vivid-red-color has-text-color\">Paseo de los fueros, 34B, 31100 Puente la Reina \/ Gares, Navarra<\/p>\n\n\n\n<p>Asimismo, se hace saber a los Usuarios que pueden retirar el consentimiento para el tratamiento de sus datos en cualquier momento, as\u00ed como presentar reclamaci\u00f3n ante la Autoridad de Control (Agencia Espa\u00f1ola de Protecci\u00f3n de Datos) de considerarlo oportuno.<\/p>\n\n\n\n<p><strong>COMUNICACI\u00d3N DE INCIDENCIAS E IRREGULARIDADES.<\/strong><\/p>\n\n\n\n<p>En el caso de existir alguna conducta o situaci\u00f3n que pudiera ser susceptible de generar una incidencia o irregularidad de cualquier clase, se ruega contactar con:<\/p>\n\n\n\n<p class=\"has-vivid-red-color has-text-color\">GAP RECURSOS S.L.<\/p>\n\n\n\n<p class=\"has-vivid-red-color has-text-color\"><a href=\"mailto:gap-recursos@gap-recursos.com\">gap-recursos@gap-recursos.com<\/a><\/p>\n\n\n\n<p><strong>COMPROMISO DEL USUARIO PARA QUE SUS DATOS EST\u00c9N INSCRITOS EN UN TRATAMIENTO<\/strong><\/p>\n\n\n\n<p>GAP RECURSOS S.L. recomienda que, antes de introducir los datos en alguna o algunas de las hojas de captaci\u00f3n de datos de la presente p\u00e1gina web, se lean detenidamente el aviso legal, pol\u00edtica de cookies y pol\u00edtica de privacidad.<\/p>\n\n\n\n<p>En todo caso, el usuario es el responsable de la autenticidad de los datos aportados, que sean exactos, actuales y completos para la finalidad que sean aportados, asumiendo la responsabilidad de los da\u00f1os y perjuicios, tanto por lucro cesante como por da\u00f1o emergente, que se pudieran generar por dichas inexactitudes o falsedades. En todo caso, si los datos aportados en los correspondientes formularios fueran titularidad de un tercero, el usuario se hace responsable de la correcta captaci\u00f3n del consentimiento e informaci\u00f3n al tercero sobre los aspectos reflejados en el presente aviso legal y pol\u00edticas de privacidad.<\/p>\n\n\n\n<p>RESPONSABILIDAD DE LOS USUARIOS POR USO Y CONTENIDO<\/p>\n\n\n\n<p>Tanto el acceso a los websites como el uso que pueda realizarse de la informaci\u00f3n y contenidos incluidos en los mismos, ser\u00e1 de exclusiva responsabilidad de quien lo realice. Por tanto, el uso que pueda hacerse de la informaci\u00f3n, im\u00e1genes, contenidos y\/o productos rese\u00f1ados y accesibles a trav\u00e9s del mismo, estar\u00e1 supeditada a la legalidad, sea nacional o internacional, aplicable, as\u00ed como a los principios de buena fe y uso l\u00edcito por parte de los Usuarios, quienes ser\u00e1n enteramente responsables de dicho acceso y correcto uso. Los Usuarios estar\u00e1n obligados a hacer un uso razonable de los servicios o contenidos, bajo el principio de buena fe y con respeto a la legalidad vigente, a la moral, al orden p\u00fablico, a las buenas costumbres, a los derechos de terceros o del propio GAP RECURSOS S.L., todo ello seg\u00fan las posibilidades y fines para los que est\u00e1n concebidos. GAP RECURSOS S.L. no asume responsabilidades, ya sean directas o indirectas, por da\u00f1o emergente o lucro cesante, derivadas del mal uso de los servicios o contenidos realizado por los Usuarios o terceros.<\/p>\n\n\n\n<p>INFORMACI\u00d3N LSSI-CE<\/p>\n\n\n\n<p class=\"has-vivid-red-color has-text-color\">En cumplimiento del deber de informaci\u00f3n contemplado en el art\u00edculo 10 de la vigente Ley 34\/2002, de 11 de julio, de Servicios de la Sociedad de la Informaci\u00f3n y de Comercio Electr\u00f3nico, le comunicamos que la dinamizadora y gestora de contenidos de la web donde puede descargar diferentes aplicaciones y\/o informaciones es GAP RECURSOS S.L. con domicilio en Paseo de los fueros, 34, 31100 Puente de la Reina (Navarra) y con la gesti\u00f3n del dominio de Internet http:\/\/www.gap-recursos.com\/ inscrito en el registro correspondiente, atendiendo a comunicaciones de los usuarios y\/o interesados a trav\u00e9s del e-mail &nbsp;&nbsp;&nbsp;&nbsp;&nbsp;&nbsp;&nbsp;&nbsp;&nbsp;&nbsp;&nbsp;&nbsp;&nbsp;&nbsp;&nbsp;&nbsp;&nbsp;&nbsp;&nbsp;&nbsp;&nbsp;&nbsp;&nbsp;&nbsp;&nbsp;&nbsp;&nbsp;&nbsp;&nbsp;&nbsp;&nbsp;&nbsp;&nbsp;&nbsp;gap-recursos@gap-recursos.com.<\/p>\n\n\n\n<p class=\"has-vivid-red-color has-text-color\">Cualquier otra actividad comercial, mercantil, administrativa o de contrataci\u00f3n de bienes y\/o servicios es responsabilidad de la sociedad mencionada anteriormente, propietaria de este dominio.<\/p>\n\n\n\n<p><strong>INFORMACI\u00d3N SOBRE EL USO DE OTRAS WEBS Y REDES SOCIALES<\/strong><\/p>\n\n\n\n<p>La empresa s\u00f3lo se hace responsable de los contenidos y de la gesti\u00f3n de las p\u00e1ginas web de la cual sea ella el titular u ostente un derecho de an\u00e1loga naturaleza. Cualquier otra p\u00e1gina web o red social o repositorio de informaci\u00f3n en Internet, fuera de la presente web, es responsabilidad de sus leg\u00edtimos titulares.<\/p>\n\n\n\n<p>GAP RECURSOS S.L. colabora de forma ordinaria con diferentes aplicaciones y entornos web, y siempre recomienda a todos los usuarios que antes de acceder a dichos entornos web lean atentamente los correspondientes avisos legales y pol\u00edticas de privacidad, y que s\u00f3lo accedan a los mismos una vez hayan comprendido y aceptado en su totalidad dicho texto legal.<\/p>\n\n\n\n<p>GAP RECURSOS S.L. se compromete a controlar los contenidos que se expongan en dichas redes sociales y expulsar\u00e1 aquellos usuarios que hagan un uso incorrecto en ellas.<\/p>\n\n\n\n<hr class=\"wp-block-separator has-alpha-channel-opacity\"\/>\n\n\n\n<p><a id=\"_msocom_1\"><\/a><\/p>\n\n\n\n<p><\/p>\n","protected":false},"excerpt":{"rendered":"<p>INFORMACI\u00d3N GENERAL DE PRIVACIDAD. ALCANCE La presente Pol\u00edtica de privacidad de GAP RECURSOS S.L. regula la obtenci\u00f3n, utilizaci\u00f3n y otras formas de procesamiento de datos [&hellip;]<\/p>\n","protected":false},"author":1,"featured_media":0,"parent":0,"menu_order":0,"comment_status":"closed","ping_status":"closed","template":"","meta":{"footnotes":""},"class_list":["post-789","page","type-page","status-publish","hentry"],"_links":{"self":[{"href":"https:\/\/gap-recursos.com\/index.php?rest_route=\/wp\/v2\/pages\/789","targetHints":{"allow":["GET"]}}],"collection":[{"href":"https:\/\/gap-recursos.com\/index.php?rest_route=\/wp\/v2\/pages"}],"about":[{"href":"https:\/\/gap-recursos.com\/index.php?rest_route=\/wp\/v2\/types\/page"}],"author":[{"embeddable":true,"href":"https:\/\/gap-recursos.com\/index.php?rest_route=\/wp\/v2\/users\/1"}],"replies":[{"embeddable":true,"href":"https:\/\/gap-recursos.com\/index.php?rest_route=%2Fwp%2Fv2%2Fcomments&post=789"}],"version-history":[{"count":4,"href":"https:\/\/gap-recursos.com\/index.php?rest_route=\/wp\/v2\/pages\/789\/revisions"}],"predecessor-version":[{"id":817,"href":"https:\/\/gap-recursos.com\/index.php?rest_route=\/wp\/v2\/pages\/789\/revisions\/817"}],"wp:attachment":[{"href":"https:\/\/gap-recursos.com\/index.php?rest_route=%2Fwp%2Fv2%2Fmedia&parent=789"}],"curies":[{"name":"wp","href":"https:\/\/api.w.org\/{rel}","templated":true}]}}