{"id":787,"date":"2022-06-12T08:48:51","date_gmt":"2022-06-12T08:48:51","guid":{"rendered":"https:\/\/gap-recursos.com\/?page_id=787"},"modified":"2022-06-12T08:48:52","modified_gmt":"2022-06-12T08:48:52","slug":"politica-de-cookies","status":"publish","type":"page","link":"https:\/\/gap-recursos.com\/?page_id=787","title":{"rendered":"Pol\u00edtica de cookies"},"content":{"rendered":"\n<p><strong>INFORMACI\u00d3N PREVIA PARA EL CLIENTE SOBRE LAS COOKIES<\/strong><\/p>\n\n\n\n<p>La normativa de cookies (modificaci\u00f3n de la Ley 34\/2002, de 11 de julio, de Servicios de la Sociedad de la Informaci\u00f3n y de Comercio Electr\u00f3nico (LSSICE) a trav\u00e9s de la Ley General de Telecomunicaciones) establece una serie de obligaciones a la Organizaci\u00f3n de cara a <strong>la informaci\u00f3n y captaci\u00f3n de consentimiento del usuario <\/strong>en relaci\u00f3n al uso de <em>Cookies<\/em>, archivos de texto que se integran en el ordenador o terminal del usuario cuando navega por los sitios web, recogiendo y poniendo a disposici\u00f3n de los titulares de las web informaci\u00f3n de sus <strong>h\u00e1bitos de navegaci\u00f3n<\/strong>.<\/p>\n\n\n\n<p>Es necesario <strong>informar y recabar el consentimiento expreso <\/strong>de los usuarios para todas aquellas cookies no exentas de cumplir con este requisito. En cuanto a las cookies no exentas destacan las siguientes:<\/p>\n\n\n\n<p>\u2022 Las que se emplean para realizar an\u00e1lisis de uso, medici\u00f3n o para realizar publicidad de terceros desde la web. El ejemplo t\u00edpico es <strong><em>Google Adwords<\/em><\/strong>.<\/p>\n\n\n\n<p>\u2022 La utilizaci\u00f3n de una aplicaci\u00f3n de una tercera empresa para realizar el an\u00e1lisis de uso de la web o para cualquier otra finalidad. Es posible que esa otra empresa est\u00e9 tratando los datos que obtiene no s\u00f3lo para prestar a la Organizaci\u00f3n el servicio, sino tambi\u00e9n para mejorar sus propios servicios.<\/p>\n\n\n\n<p><strong><em>\u00bfC\u00d3MO INFORMAR Y RECABAR EL CONSENTIMIENTO?<\/em><\/strong><\/p>\n\n\n\n<p>El sistema m\u00e1s adecuado para informar a los usuarios de la existencia de cookies ser\u00e1 mediante un <strong>sistema de capas<\/strong>:<\/p>\n\n\n\n<p>En una <strong>primera capa <\/strong>se informar\u00e1 de forma general sobre la existencia de este dispositivo inform\u00e1tico, ello podr\u00e1 realizar mediante un <strong>banner <\/strong>que deber\u00e1 mantenerse <strong>siempre visible en la pantalla<\/strong>, hasta que el usuario acepte o cierre el banner.<\/p>\n\n\n\n<p>Los <strong>log\u2019s <\/strong>acreditativos al consentimiento (aceptaci\u00f3n del banner) deben conservarse. Concretamente, la IP, la fecha y la hora de la aceptaci\u00f3n.<\/p>\n\n\n\n<p>En una <strong>segunda capa <\/strong>a la que se accede mediante <strong>enlace o hiperv\u00ednculo <\/strong>de la primera, se ofrecer\u00e1 informaci\u00f3n adicional y m\u00e1s detallada sobre las cookies, debe recoger b\u00e1sicamente lo que se conoce como la \u201c<strong><em>Pol\u00edtica de Cookies<\/em><\/strong>\u201d.<\/p>\n\n\n\n<p>La informaci\u00f3n a los usuarios debe ense\u00f1ar en detalle los tipos de cookies que utiliza la web y con qu\u00e9 fines. No es necesario informar individualmente sobre el nombre de todas y cada una de las cookies; se podr\u00e1 hacer referencia a las mismas por <strong>grupos<\/strong>, siempre que sean identificables, no se produzca ambig\u00fcedad y se indique en todo caso si son propias o de terceros (<em>Informe Jur\u00eddico de la AEPD 0196\/2014<\/em>).<\/p>\n","protected":false},"excerpt":{"rendered":"<p>INFORMACI\u00d3N PREVIA PARA EL CLIENTE SOBRE LAS COOKIES La normativa de cookies (modificaci\u00f3n de la Ley 34\/2002, de 11 de julio, de Servicios de la [&hellip;]<\/p>\n","protected":false},"author":1,"featured_media":0,"parent":0,"menu_order":0,"comment_status":"closed","ping_status":"closed","template":"","meta":{"footnotes":""},"class_list":["post-787","page","type-page","status-publish","hentry"],"_links":{"self":[{"href":"https:\/\/gap-recursos.com\/index.php?rest_route=\/wp\/v2\/pages\/787","targetHints":{"allow":["GET"]}}],"collection":[{"href":"https:\/\/gap-recursos.com\/index.php?rest_route=\/wp\/v2\/pages"}],"about":[{"href":"https:\/\/gap-recursos.com\/index.php?rest_route=\/wp\/v2\/types\/page"}],"author":[{"embeddable":true,"href":"https:\/\/gap-recursos.com\/index.php?rest_route=\/wp\/v2\/users\/1"}],"replies":[{"embeddable":true,"href":"https:\/\/gap-recursos.com\/index.php?rest_route=%2Fwp%2Fv2%2Fcomments&post=787"}],"version-history":[{"count":1,"href":"https:\/\/gap-recursos.com\/index.php?rest_route=\/wp\/v2\/pages\/787\/revisions"}],"predecessor-version":[{"id":788,"href":"https:\/\/gap-recursos.com\/index.php?rest_route=\/wp\/v2\/pages\/787\/revisions\/788"}],"wp:attachment":[{"href":"https:\/\/gap-recursos.com\/index.php?rest_route=%2Fwp%2Fv2%2Fmedia&parent=787"}],"curies":[{"name":"wp","href":"https:\/\/api.w.org\/{rel}","templated":true}]}}