{"id":698,"date":"2022-03-14T22:47:17","date_gmt":"2022-03-14T22:47:17","guid":{"rendered":"https:\/\/gap-recursos.com\/?page_id=698"},"modified":"2022-03-14T22:47:57","modified_gmt":"2022-03-14T22:47:57","slug":"planificacion-y-gestion","status":"publish","type":"page","link":"https:\/\/gap-recursos.com\/?page_id=698","title":{"rendered":"PLANIFICACI\u00d3N Y GESTI\u00d3N"},"content":{"rendered":"\t\t<div data-elementor-type=\"wp-page\" data-elementor-id=\"698\" class=\"elementor elementor-698\">\n\t\t\t\t\t\t<section class=\"elementor-section elementor-top-section elementor-element elementor-element-10f6f7f elementor-section-boxed elementor-section-height-default elementor-section-height-default\" data-id=\"10f6f7f\" data-element_type=\"section\" data-e-type=\"section\">\n\t\t\t\t\t\t<div class=\"elementor-container elementor-column-gap-default\">\n\t\t\t\t\t<div class=\"elementor-column elementor-col-100 elementor-top-column elementor-element elementor-element-e3d42b0\" data-id=\"e3d42b0\" data-element_type=\"column\" data-e-type=\"column\">\n\t\t\t<div class=\"elementor-widget-wrap elementor-element-populated\">\n\t\t\t\t\t\t<div class=\"elementor-element elementor-element-dc96525 elementor-widget elementor-widget-text-editor\" data-id=\"dc96525\" data-element_type=\"widget\" data-e-type=\"widget\" data-widget_type=\"text-editor.default\">\n\t\t\t\t<div class=\"elementor-widget-container\">\n\t\t\t\t\t\t\t\t\t<h4>INSTRUMENTOS DE PROGRAMACI\u00d3N Y PLANIFICACI\u00d3N<\/h4><h4>Hemos trabajado en planes estrat\u00e9gicos sectoriales, planes territoriales de desarrollo locales y para pol\u00edticas transversales. Aplicamos procesos participativos, de informaci\u00f3n, debate y negociaci\u00f3n para llegar a definir estrategias y acciones factibles y socialmente aceptadas. La experiencia nos ha permitido elaborar formaci\u00f3n sobre Planificaci\u00f3n Estrat\u00e9gica para el Sector P\u00fablico.<\/h4><h4>Ejemplos de tem\u00e1ticas en las que se ha prestado asistencia t\u00e9cnica en planificaci\u00f3n:<\/h4><ul><li><h4>Agenda de Econom\u00eda Circular<\/h4><\/li><li><h4>Programas de Incentivaci\u00f3n, promoci\u00f3n e impulso de la Responsabilidad Social Corporativa<\/h4><\/li><li><h4>Planes estrat\u00e9gicos para la Ganader\u00eda y la Agricultura<\/h4><\/li><li><h4>Calidad Agroalimentaria<\/h4><\/li><\/ul><h4><strong>APOYO A LA GESTI\u00d3N Y AL SEGUIMIENTO<\/strong><\/h4><h4>Ofrecemos apoyo en la gesti\u00f3n de Fondos p\u00fablicos para:<\/h4><ul><li><h4>Dise\u00f1ar y gestionar<strong> sistemas de seguimiento e informaci\u00f3n (indicadores) <\/strong><\/h4><\/li><li><h4>Valorar, realizar seguimiento sistem\u00e1tico y reporte de convocatorias y medidas (calidad de las solicitudes, diversidad, ritmo de ejecuci\u00f3n, dificultades, cancelaciones, demandas,<strong> gesti\u00f3n econ\u00f3mica y financiera). <\/strong><\/h4><\/li><li><h4>Elaborar<strong> Informes de Seguimiento en cumplimiento de normativa<\/strong><\/h4><\/li><li><h4>Apoyar la comunicaci\u00f3n entre \u00f3rganos de gesti\u00f3n (Departamentos, Servicios), en la recogida de informaci\u00f3n y como antena de las demandas o limitaciones de los agentes externos, colectivos de prescriptores y de beneficiarios.<\/h4><\/li><li><h4>Elaborar documentaci\u00f3n para<strong> modificaciones de programas o iniciativas<\/strong><\/h4><\/li><li><h4>Identificar y visualizar<strong> buenas pr\u00e1cticas<\/strong><\/h4><\/li><li><h4>Dise\u00f1ar y ejecutar procedimientos y protocolos para la puesta en marcha de iniciativas<\/h4><\/li><li><h4>Elaborar<strong> gu\u00edas y manuales <\/strong>(tem\u00e1ticos o internos para la aplicaci\u00f3n de la gesti\u00f3n)<\/h4><\/li><li><h4>Dise\u00f1ar y organizar <strong>procesos de participaci\u00f3n p\u00fablica<\/strong> vinculados a la planificaci\u00f3n o la ejecuci\u00f3n.<\/h4><\/li><li><h4>Dinamizar foros tem\u00e1ticos, apoyar la organizaci\u00f3n de eventos<\/h4><\/li><li><h4>D<strong>esarrollar capacidades <\/strong>para mejorar la gesti\u00f3n, con formaci\u00f3n y acompa\u00f1amiento.<\/h4><\/li><\/ul><h4>Ser evaluadores nos ha permitido conocer en profundidad el funcionamiento de los Grupos de Acci\u00f3n Local (GAL) y la metodolog\u00eda LEADER, reconocida en la Comisi\u00f3n Europea por mejorar la gobernanza y dotar de valor a\u00f1adido a las pol\u00edticas de desarrollo rural y local.\u00a0 Este conocimiento se ha reforzado en nuestras colaboraciones con GAL en asistencias t\u00e9cnicas de gesti\u00f3n estrat\u00e9gica y operativa.<\/h4>\t\t\t\t\t\t\t\t<\/div>\n\t\t\t\t<\/div>\n\t\t\t\t\t<\/div>\n\t\t<\/div>\n\t\t\t\t\t<\/div>\n\t\t<\/section>\n\t\t\t\t<\/div>\n\t\t","protected":false},"excerpt":{"rendered":"<p>INSTRUMENTOS DE PROGRAMACI\u00d3N Y PLANIFICACI\u00d3N Hemos trabajado en planes estrat\u00e9gicos sectoriales, planes territoriales de desarrollo locales y para pol\u00edticas transversales. Aplicamos procesos participativos, de informaci\u00f3n, [&hellip;]<\/p>\n","protected":false},"author":1,"featured_media":0,"parent":0,"menu_order":0,"comment_status":"closed","ping_status":"closed","template":"","meta":{"footnotes":""},"class_list":["post-698","page","type-page","status-publish","hentry"],"_links":{"self":[{"href":"https:\/\/gap-recursos.com\/index.php?rest_route=\/wp\/v2\/pages\/698","targetHints":{"allow":["GET"]}}],"collection":[{"href":"https:\/\/gap-recursos.com\/index.php?rest_route=\/wp\/v2\/pages"}],"about":[{"href":"https:\/\/gap-recursos.com\/index.php?rest_route=\/wp\/v2\/types\/page"}],"author":[{"embeddable":true,"href":"https:\/\/gap-recursos.com\/index.php?rest_route=\/wp\/v2\/users\/1"}],"replies":[{"embeddable":true,"href":"https:\/\/gap-recursos.com\/index.php?rest_route=%2Fwp%2Fv2%2Fcomments&post=698"}],"version-history":[{"count":4,"href":"https:\/\/gap-recursos.com\/index.php?rest_route=\/wp\/v2\/pages\/698\/revisions"}],"predecessor-version":[{"id":703,"href":"https:\/\/gap-recursos.com\/index.php?rest_route=\/wp\/v2\/pages\/698\/revisions\/703"}],"wp:attachment":[{"href":"https:\/\/gap-recursos.com\/index.php?rest_route=%2Fwp%2Fv2%2Fmedia&parent=698"}],"curies":[{"name":"wp","href":"https:\/\/api.w.org\/{rel}","templated":true}]}}