{"id":689,"date":"2022-03-14T22:42:49","date_gmt":"2022-03-14T22:42:49","guid":{"rendered":"https:\/\/gap-recursos.com\/?page_id=689"},"modified":"2022-03-18T18:57:08","modified_gmt":"2022-03-18T18:57:08","slug":"estudios-agroambientales-y-socioeconomicos%ef%bf%bc","status":"publish","type":"page","link":"https:\/\/gap-recursos.com\/?page_id=689","title":{"rendered":"ESTUDIOS"},"content":{"rendered":"\t\t<div data-elementor-type=\"wp-page\" data-elementor-id=\"689\" class=\"elementor elementor-689\">\n\t\t\t\t\t\t<section class=\"elementor-section elementor-top-section elementor-element elementor-element-75e4c07 elementor-section-boxed elementor-section-height-default elementor-section-height-default\" data-id=\"75e4c07\" data-element_type=\"section\" data-e-type=\"section\">\n\t\t\t\t\t\t<div class=\"elementor-container elementor-column-gap-default\">\n\t\t\t\t\t<div class=\"elementor-column elementor-col-100 elementor-top-column elementor-element elementor-element-141be06\" data-id=\"141be06\" data-element_type=\"column\" data-e-type=\"column\">\n\t\t\t<div class=\"elementor-widget-wrap elementor-element-populated\">\n\t\t\t\t\t\t<div class=\"elementor-element elementor-element-6b14861 elementor-widget elementor-widget-text-editor\" data-id=\"6b14861\" data-element_type=\"widget\" data-e-type=\"widget\" data-widget_type=\"text-editor.default\">\n\t\t\t\t<div class=\"elementor-widget-container\">\n\t\t\t\t\t\t\t\t\t<h4>Elaboramos diagn\u00f3sticos y estudios en el entorno agroambiental y socioecon\u00f3mico, profundizando con an\u00e1lisis, identificando necesidades y posibles l\u00edneas de trabajo, orientados a extraer recomendaciones sobre las que definir pol\u00edticas o proyectos.<\/h4><h4>Generamos conocimiento como apoyo a los responsables p\u00fablicos en sus procesos de decisi\u00f3n:<\/h4><ul><li><h4>Investigaci\u00f3n de campo, dise\u00f1o, realizaci\u00f3n y tratamiento de encuestas, an\u00e1lisis estad\u00edstico, estudios cualitativos\u2026.<\/h4><\/li><li><h4>Metodolog\u00edas de an\u00e1lisis social, econ\u00f3mico y financiero (an\u00e1lisis contrafactuales, tablas input-output, SROI \u2026).<\/h4><\/li><\/ul><h4>Ejemplos de Asistencias t\u00e9cnicas:<\/h4><ul><li><h4>Estudios sobre la despoblaci\u00f3n: identificaci\u00f3n de l\u00edneas de acci\u00f3n, proyectos y recursos que contribuyan al asentamiento de la poblaci\u00f3n<\/h4><\/li><li><h4>Diagn\u00f3sticos y trabajos para la definici\u00f3n de sistemas de responsabilidad social empresarial<\/h4><\/li><li><h4>Diagn\u00f3sticos institucionales para implantaci\u00f3n de servicios p\u00fablicos<\/h4><\/li><li><h4>Estudio para el desarrollo de la Econom\u00eda Circular<\/h4><\/li><li><h4>Estudio sobre ciencia y biodiversidad<\/h4><\/li><li><h4>Estudios Coste-Beneficio y socioecon\u00f3micos de espacios naturales protegidos<\/h4><\/li><li><h4>An\u00e1lisis de tendencias en los sectores agr\u00edcola y ganadero<\/h4><\/li><\/ul>\t\t\t\t\t\t\t\t<\/div>\n\t\t\t\t<\/div>\n\t\t\t\t\t<\/div>\n\t\t<\/div>\n\t\t\t\t\t<\/div>\n\t\t<\/section>\n\t\t\t\t<section class=\"elementor-section elementor-top-section elementor-element elementor-element-fa25e0e elementor-section-boxed elementor-section-height-default elementor-section-height-default\" data-id=\"fa25e0e\" data-element_type=\"section\" data-e-type=\"section\">\n\t\t\t\t\t\t<div class=\"elementor-container elementor-column-gap-default\">\n\t\t\t\t\t<div class=\"elementor-column elementor-col-100 elementor-top-column elementor-element elementor-element-dc2b75e\" data-id=\"dc2b75e\" data-element_type=\"column\" data-e-type=\"column\">\n\t\t\t<div class=\"elementor-widget-wrap elementor-element-populated\">\n\t\t\t\t\t\t<div class=\"elementor-element elementor-element-792528b elementor-widget elementor-widget-heading\" data-id=\"792528b\" data-element_type=\"widget\" data-e-type=\"widget\" data-widget_type=\"heading.default\">\n\t\t\t\t<div class=\"elementor-widget-container\">\n\t\t\t\t\t<h2 class=\"elementor-heading-title elementor-size-default\">AGROAMBIENTALES Y SOCIOECON\u00d3MICOS<\/h2>\t\t\t\t<\/div>\n\t\t\t\t<\/div>\n\t\t\t\t\t<\/div>\n\t\t<\/div>\n\t\t\t\t\t<\/div>\n\t\t<\/section>\n\t\t\t\t<\/div>\n\t\t","protected":false},"excerpt":{"rendered":"<p>Elaboramos diagn\u00f3sticos y estudios en el entorno agroambiental y socioecon\u00f3mico, profundizando con an\u00e1lisis, identificando necesidades y posibles l\u00edneas de trabajo, orientados a extraer recomendaciones sobre [&hellip;]<\/p>\n","protected":false},"author":1,"featured_media":0,"parent":0,"menu_order":0,"comment_status":"closed","ping_status":"closed","template":"","meta":{"footnotes":""},"class_list":["post-689","page","type-page","status-publish","hentry"],"_links":{"self":[{"href":"https:\/\/gap-recursos.com\/index.php?rest_route=\/wp\/v2\/pages\/689","targetHints":{"allow":["GET"]}}],"collection":[{"href":"https:\/\/gap-recursos.com\/index.php?rest_route=\/wp\/v2\/pages"}],"about":[{"href":"https:\/\/gap-recursos.com\/index.php?rest_route=\/wp\/v2\/types\/page"}],"author":[{"embeddable":true,"href":"https:\/\/gap-recursos.com\/index.php?rest_route=\/wp\/v2\/users\/1"}],"replies":[{"embeddable":true,"href":"https:\/\/gap-recursos.com\/index.php?rest_route=%2Fwp%2Fv2%2Fcomments&post=689"}],"version-history":[{"count":11,"href":"https:\/\/gap-recursos.com\/index.php?rest_route=\/wp\/v2\/pages\/689\/revisions"}],"predecessor-version":[{"id":738,"href":"https:\/\/gap-recursos.com\/index.php?rest_route=\/wp\/v2\/pages\/689\/revisions\/738"}],"wp:attachment":[{"href":"https:\/\/gap-recursos.com\/index.php?rest_route=%2Fwp%2Fv2%2Fmedia&parent=689"}],"curies":[{"name":"wp","href":"https:\/\/api.w.org\/{rel}","templated":true}]}}