{"id":372,"date":"2019-10-30T19:49:14","date_gmt":"2019-10-30T19:49:14","guid":{"rendered":"http:\/\/demo.athemes.com\/sydney-redesign\/?page_id=372"},"modified":"2022-03-14T22:41:26","modified_gmt":"2022-03-14T22:41:26","slug":"services","status":"publish","type":"page","link":"https:\/\/gap-recursos.com\/?page_id=372","title":{"rendered":"EVALUACI\u00d3N"},"content":{"rendered":"\t\t<div data-elementor-type=\"wp-page\" data-elementor-id=\"372\" class=\"elementor elementor-372\">\n\t\t\t\t\t\t<section class=\"elementor-section elementor-top-section elementor-element elementor-element-4c92500 elementor-section-boxed elementor-section-height-default elementor-section-height-default\" data-id=\"4c92500\" data-element_type=\"section\" data-e-type=\"section\">\n\t\t\t\t\t\t<div class=\"elementor-container elementor-column-gap-default\">\n\t\t\t\t\t<div class=\"elementor-column elementor-col-100 elementor-top-column elementor-element elementor-element-7bad1f1\" data-id=\"7bad1f1\" data-element_type=\"column\" data-e-type=\"column\">\n\t\t\t<div class=\"elementor-widget-wrap elementor-element-populated\">\n\t\t\t\t\t\t<div class=\"elementor-element elementor-element-6d2accb elementor-widget elementor-widget-text-editor\" data-id=\"6d2accb\" data-element_type=\"widget\" data-e-type=\"widget\" data-widget_type=\"text-editor.default\">\n\t\t\t\t<div class=\"elementor-widget-container\">\n\t\t\t\t\t\t\t\t\t<h4>La evaluaci\u00f3n permite medir el \u00e9xito de las pol\u00edticas y proyectos y reorientar las intervenciones en base a su eficacia y eficiencia. Nuestro enfoque va m\u00e1s all\u00e1 del cumplimiento de obligaciones, queremos que las evaluaciones sean instrumentos efectivos para la mejora.<\/h4>\t\t\t\t\t\t\t\t<\/div>\n\t\t\t\t<\/div>\n\t\t\t\t\t<\/div>\n\t\t<\/div>\n\t\t\t\t\t<\/div>\n\t\t<\/section>\n\t\t\t\t<section class=\"elementor-section elementor-top-section elementor-element elementor-element-6b2b7d8 elementor-section-boxed elementor-section-height-default elementor-section-height-default\" data-id=\"6b2b7d8\" data-element_type=\"section\" data-e-type=\"section\">\n\t\t\t\t\t\t<div class=\"elementor-container elementor-column-gap-default\">\n\t\t\t\t\t<div class=\"elementor-column elementor-col-100 elementor-top-column elementor-element elementor-element-1e50e36\" data-id=\"1e50e36\" data-element_type=\"column\" data-e-type=\"column\">\n\t\t\t<div class=\"elementor-widget-wrap elementor-element-populated\">\n\t\t\t\t\t\t<div class=\"elementor-element elementor-element-83df83e elementor-widget elementor-widget-text-editor\" data-id=\"83df83e\" data-element_type=\"widget\" data-e-type=\"widget\" data-widget_type=\"text-editor.default\">\n\t\t\t\t<div class=\"elementor-widget-container\">\n\t\t\t\t\t\t\t\t\t<h4>Ofrecemos:<\/h4><ul><li><h4>Evaluaciones de programas\/proyectos en<strong> el ciclo de la implementaci\u00f3n (Exante, Intermedia, Expost)<\/strong><\/h4><\/li><li><h4>Evaluaciones adaptadas a cada necesidad<strong>: de proceso o implementaci\u00f3n, de impactos, de la eficiencia, an\u00e1lisis de coste-beneficio<\/strong><\/h4><\/li><\/ul>\t\t\t\t\t\t\t\t<\/div>\n\t\t\t\t<\/div>\n\t\t\t\t\t<\/div>\n\t\t<\/div>\n\t\t\t\t\t<\/div>\n\t\t<\/section>\n\t\t\t\t<section class=\"elementor-section elementor-top-section elementor-element elementor-element-005a936 elementor-section-boxed elementor-section-height-default elementor-section-height-default\" data-id=\"005a936\" data-element_type=\"section\" data-e-type=\"section\">\n\t\t\t\t\t\t<div class=\"elementor-container elementor-column-gap-default\">\n\t\t\t\t\t<div class=\"elementor-column elementor-col-100 elementor-top-column elementor-element elementor-element-0df2607\" data-id=\"0df2607\" data-element_type=\"column\" data-e-type=\"column\">\n\t\t\t<div class=\"elementor-widget-wrap elementor-element-populated\">\n\t\t\t\t\t\t<div class=\"elementor-element elementor-element-aa3d694 elementor-widget elementor-widget-text-editor\" data-id=\"aa3d694\" data-element_type=\"widget\" data-e-type=\"widget\" data-widget_type=\"text-editor.default\">\n\t\t\t\t<div class=\"elementor-widget-container\">\n\t\t\t\t\t\t\t\t\t<h4>Asistencias t\u00e9cnicas en Fondos FEADER:<\/h4><ul><li><h4>Evaluaciones del Programa de Desarrollo Rural de la Comunidad Foral de Navarra<\/h4><\/li><li><h4>Evaluaciones del Programa de Desarrollo Rural de Catalunya<\/h4><\/li><li><h4>LEADER: Evaluaci\u00f3n de Estrategias de Desarrollo Local Participativo<\/h4><\/li><\/ul>\t\t\t\t\t\t\t\t<\/div>\n\t\t\t\t<\/div>\n\t\t\t\t\t<\/div>\n\t\t<\/div>\n\t\t\t\t\t<\/div>\n\t\t<\/section>\n\t\t\t\t<section class=\"elementor-section elementor-top-section elementor-element elementor-element-cfd196e elementor-section-boxed elementor-section-height-default elementor-section-height-default\" data-id=\"cfd196e\" data-element_type=\"section\" data-e-type=\"section\">\n\t\t\t\t\t\t<div class=\"elementor-container elementor-column-gap-default\">\n\t\t\t\t\t<div class=\"elementor-column elementor-col-100 elementor-top-column elementor-element elementor-element-d863b80\" data-id=\"d863b80\" data-element_type=\"column\" data-e-type=\"column\">\n\t\t\t<div class=\"elementor-widget-wrap elementor-element-populated\">\n\t\t\t\t\t\t<div class=\"elementor-element elementor-element-a73c736 elementor-widget elementor-widget-text-editor\" data-id=\"a73c736\" data-element_type=\"widget\" data-e-type=\"widget\" data-widget_type=\"text-editor.default\">\n\t\t\t\t<div class=\"elementor-widget-container\">\n\t\t\t\t\t\t\t\t\t<ul><li><h4>Evaluaci\u00f3n en proyectos de cooperaci\u00f3n territorial, como los financiados por el Programa Interreg Sudoe: evaluaci\u00f3n de la implementaci\u00f3n, control de la calidad, gesti\u00f3n de los riesgos, evaluaci\u00f3n de resultados. En estos proyectos especialmente, la evaluaci\u00f3n constituye una herramienta de gran valor para los socios responsables: capacita y justifica las decisiones en la gesti\u00f3n operativa del proyecto, facilita la detecci\u00f3n temprana de problemas, la reacci\u00f3n \u00e1gil y eficaz y una implementaci\u00f3n ajustada.<\/h4><\/li><\/ul>\t\t\t\t\t\t\t\t<\/div>\n\t\t\t\t<\/div>\n\t\t\t\t\t<\/div>\n\t\t<\/div>\n\t\t\t\t\t<\/div>\n\t\t<\/section>\n\t\t\t\t<section class=\"elementor-section elementor-top-section elementor-element elementor-element-e60fa34 elementor-section-boxed elementor-section-height-default elementor-section-height-default\" data-id=\"e60fa34\" data-element_type=\"section\" data-e-type=\"section\">\n\t\t\t\t\t\t<div class=\"elementor-container elementor-column-gap-default\">\n\t\t\t\t\t<div class=\"elementor-column elementor-col-100 elementor-top-column elementor-element elementor-element-1842f5b\" data-id=\"1842f5b\" data-element_type=\"column\" data-e-type=\"column\">\n\t\t\t<div class=\"elementor-widget-wrap elementor-element-populated\">\n\t\t\t\t\t\t<div class=\"elementor-element elementor-element-4c8e8d2 elementor-widget elementor-widget-text-editor\" data-id=\"4c8e8d2\" data-element_type=\"widget\" data-e-type=\"widget\" data-widget_type=\"text-editor.default\">\n\t\t\t\t<div class=\"elementor-widget-container\">\n\t\t\t\t\t\t\t\t\t<h4>Asistencias en proyectos:\u00a0<\/h4><p><span style=\"color: #000000;\">Gamelabsnet<\/span> <a href=\"https:\/\/gamelabsnet.eu\/\" target=\"_blank\" rel=\"noopener\">https:\/\/gamelabsnet.eu\/<\/a><\/p><p><span style=\"color: #000000;\">Eguralt<\/span> <a href=\"https:\/\/eguralt.eu\/es\/inicio\/\" target=\"_blank\" rel=\"noopener\">https:\/\/eguralt.eu\/es\/inicio\/<\/a><\/p><p><span style=\"color: #000000;\">Promobiomasse\u00a0\u00a0<\/span> <a href=\"https:\/\/promobiomasse.eu\/\" target=\"_blank\" rel=\"noopener\">https:\/\/promobiomasse.eu\/<\/a><\/p><p><span style=\"color: #000000;\">Sud\u2019eau I y II <a href=\"https:\/\/4.interreg-sudoe.eu\/ESP\/f\/110\/236\/Proyectos\/Eventos\/Proyecto-SUDEAU-2--Gestion-local-y-participativa-del-agua-y-de-los-rios\" target=\"_blank\" rel=\"noopener\">https:\/\/4.interreg-sudoe.eu\/ESP\/f\/110\/236\/Proyectos\/Eventos\/Proyecto-SUDEAU-2&#8211;Gestion-local-y-participativa-del-agua-y-de-los-rios<\/a><\/span><\/p><p><span style=\"color: #000000;\">Life Regadiox<\/span> \u00a0\u00a0<a href=\"https:\/\/life-regadiox.es\/es\/\" target=\"_blank\" rel=\"noopener\">https:\/\/life-regadiox.es\/es\/<\/a><\/p>\t\t\t\t\t\t\t\t<\/div>\n\t\t\t\t<\/div>\n\t\t\t\t\t<\/div>\n\t\t<\/div>\n\t\t\t\t\t<\/div>\n\t\t<\/section>\n\t\t\t\t<\/div>\n\t\t","protected":false},"excerpt":{"rendered":"<p>La evaluaci\u00f3n permite medir el \u00e9xito de las pol\u00edticas y proyectos y reorientar las intervenciones en base a su eficacia y eficiencia. Nuestro enfoque va [&hellip;]<\/p>\n","protected":false},"author":1,"featured_media":0,"parent":0,"menu_order":0,"comment_status":"closed","ping_status":"closed","template":"page-templates\/page_front-page.php","meta":{"footnotes":""},"class_list":["post-372","page","type-page","status-publish","hentry"],"_links":{"self":[{"href":"https:\/\/gap-recursos.com\/index.php?rest_route=\/wp\/v2\/pages\/372","targetHints":{"allow":["GET"]}}],"collection":[{"href":"https:\/\/gap-recursos.com\/index.php?rest_route=\/wp\/v2\/pages"}],"about":[{"href":"https:\/\/gap-recursos.com\/index.php?rest_route=\/wp\/v2\/types\/page"}],"author":[{"embeddable":true,"href":"https:\/\/gap-recursos.com\/index.php?rest_route=\/wp\/v2\/users\/1"}],"replies":[{"embeddable":true,"href":"https:\/\/gap-recursos.com\/index.php?rest_route=%2Fwp%2Fv2%2Fcomments&post=372"}],"version-history":[{"count":22,"href":"https:\/\/gap-recursos.com\/index.php?rest_route=\/wp\/v2\/pages\/372\/revisions"}],"predecessor-version":[{"id":688,"href":"https:\/\/gap-recursos.com\/index.php?rest_route=\/wp\/v2\/pages\/372\/revisions\/688"}],"wp:attachment":[{"href":"https:\/\/gap-recursos.com\/index.php?rest_route=%2Fwp%2Fv2%2Fmedia&parent=372"}],"curies":[{"name":"wp","href":"https:\/\/api.w.org\/{rel}","templated":true}]}}