{"id":361,"date":"2019-10-30T19:37:49","date_gmt":"2019-10-30T19:37:49","guid":{"rendered":"http:\/\/demo.athemes.com\/sydney-redesign\/?page_id=361"},"modified":"2022-04-10T10:16:47","modified_gmt":"2022-04-10T10:16:47","slug":"team","status":"publish","type":"page","link":"https:\/\/gap-recursos.com\/?page_id=361","title":{"rendered":"QUI\u00c9NES SOMOS"},"content":{"rendered":"\t\t<div data-elementor-type=\"wp-page\" data-elementor-id=\"361\" class=\"elementor elementor-361\">\n\t\t\t\t\t\t<section class=\"elementor-section elementor-top-section elementor-element elementor-element-85a45e5 elementor-section-boxed elementor-section-height-default elementor-section-height-default\" data-id=\"85a45e5\" data-element_type=\"section\" data-e-type=\"section\">\n\t\t\t\t\t\t<div class=\"elementor-container elementor-column-gap-default\">\n\t\t\t\t\t<div class=\"elementor-column elementor-col-100 elementor-top-column elementor-element elementor-element-97b6cbd\" data-id=\"97b6cbd\" data-element_type=\"column\" data-e-type=\"column\">\n\t\t\t<div class=\"elementor-widget-wrap elementor-element-populated\">\n\t\t\t\t\t\t<div class=\"elementor-element elementor-element-8f7d933 elementor-widget elementor-widget-text-editor\" data-id=\"8f7d933\" data-element_type=\"widget\" data-e-type=\"widget\" data-widget_type=\"text-editor.default\">\n\t\t\t\t<div class=\"elementor-widget-container\">\n\t\t\t\t\t\t\t\t\t<p>Comenzamos hace m\u00e1s de tres d\u00e9cadas, como \u201cGrup d\u2019Avaluaci\u00f3 de Pol\u00edtiques\u201d, GAP, ligados a la Fundaci\u00f3n Bosch i Gimpera (Universidad de Barcelona), desde 2001 dimos el paso como start-up \u00a0y desde 2010 somos la consultora GAP Recursos.<\/p><p>Desde la primera etapa, hemos realizado m\u00e1s de 200 asistencias t\u00e9cnicas para Administraciones y Organismos p\u00fablicos y privados. Participar en los primeros grupos de trabajo en la Uni\u00f3n Europea para el desarrollo de su pol\u00edtica de evaluaci\u00f3n, nos permiti\u00f3 establecer metodolog\u00edas propias, contrastadas y reconocidas, que actualizamos y aplicamos en l\u00ednea con los requisitos de la UE.<\/p><p>En el campo de las pol\u00edticas p\u00fablicas, nuestro \u00e1mbito es principalmente la zona rural. Desde el conocimiento y la especializaci\u00f3n, en GAP Recursos hemos ido ampliando nuestra visi\u00f3n, m\u00e9todos y <u>servicios <\/u>a la realidad rural, centr\u00e1ndonos en pol\u00edticas de apoyo a la actividad Econ\u00f3mica, al Medio Ambiente, pol\u00edticas de Empleo, Sociales y de Igualdad, y en la pol\u00edtica para la Cooperaci\u00f3n territorial.<\/p><h5>Formamos un equipo consolidado y multidisciplinar, apoyado por una red de expertos colaboradores en m\u00e9todos y temas espec\u00edficos.<\/h5>\t\t\t\t\t\t\t\t<\/div>\n\t\t\t\t<\/div>\n\t\t\t\t\t<\/div>\n\t\t<\/div>\n\t\t\t\t\t<\/div>\n\t\t<\/section>\n\t\t\t\t<section class=\"elementor-section elementor-top-section elementor-element elementor-element-c01495f elementor-section-boxed elementor-section-height-default elementor-section-height-default\" data-id=\"c01495f\" data-element_type=\"section\" data-e-type=\"section\">\n\t\t\t\t\t\t<div class=\"elementor-container elementor-column-gap-default\">\n\t\t\t\t\t<div class=\"elementor-column elementor-col-100 elementor-top-column elementor-element elementor-element-f78943f\" data-id=\"f78943f\" data-element_type=\"column\" data-e-type=\"column\">\n\t\t\t<div class=\"elementor-widget-wrap elementor-element-populated\">\n\t\t\t\t\t\t<div class=\"elementor-element elementor-element-bdde8f1 elementor-widget elementor-widget-text-editor\" data-id=\"bdde8f1\" data-element_type=\"widget\" data-e-type=\"widget\" data-widget_type=\"text-editor.default\">\n\t\t\t\t<div class=\"elementor-widget-container\">\n\t\t\t\t\t\t\t\t\t<h6><span style=\"color: #000000;\"><strong>PRINCIPIOS QUE NOS GU\u00cdAN <\/strong><\/span><\/h6><h6><strong>\u00a0 \u00a0 \u00a0 \u00a0 \u00a0 <span style=\"color: #000000;\">PROXIMIDAD<\/span><\/strong>\u00a0<span style=\"color: #808080;\">y contacto continuo con clientes y grupos de interesados.<\/span><\/h6><h6><strong>\u00a0 \u00a0 \u00a0 \u00a0 \u00a0 <span style=\"color: #000000;\">PROFUNDIDAD<\/span><\/strong><span style=\"color: #808080;\">\u00a0en los an\u00e1lisis y valoraciones, enfoque de mejora.<\/span><\/h6><h6><span style=\"color: #808080;\"><strong>\u00a0 \u00a0 \u00a0 \u00a0 \u00a0<span style=\"color: #000000;\"> FLEXIBILIDAD<\/span><\/strong> en las f\u00f3rmulas de colaboraci\u00f3n y en las metodolog\u00edas de trabajo. Capacidad de reconducir,\u00a0<span style=\"background-color: transparent;\">en la compleja tem\u00e1tica\u00a0 \u00a0 \u00a0 \u00a0 \u00a0 \u00a0 \u00a0 \u00a0 \u00a0 \u00a0 \u00a0 \u00a0 \u00a0 \u00a0 \u00a0 \u00a0 \u00a0 \u00a0que se aborda.<\/span><\/span><\/h6><h6><span style=\"color: #808080;\"><strong>\u00a0 \u00a0 \u00a0 \u00a0 \u00a0 <span style=\"color: #000000;\">IMPLICACI\u00d3N<\/span><\/strong> y adaptaci\u00f3n al cliente y a los temas.<\/span><\/h6><h6><span style=\"color: #808080;\"><strong>\u00a0 \u00a0 \u00a0 \u00a0 \u00a0 <span style=\"color: #000000;\">SOSTENIBILIDAD<\/span><\/strong>\u00a0social y ambiental en c\u00f3mo prestamos el servicio.<\/span><\/h6><p>\u00a0<\/p><h6><span style=\"color: #000000;\"><strong><u>COMPROMISO CON LA RSE <\/u><\/strong><\/span><\/h6><p>Nuestro compromiso con la Responsabilidad Social se desarrolla a trav\u00e9s del sistema de gesti\u00f3n InnovaRSE\u00a0 (enlace a\u00a0 <a href=\"https:\/\/www.navarra.es\/es\/rsc\">https:\/\/www.navarra.es\/es\/rsc<\/a> ) , una metodolog\u00eda del Gobierno de Navarra, adaptada a microempresas, que abarca las dimensiones econ\u00f3mica, social y ambiental. En este marco, GAP RECURSOS dispone de los sellos de realizaci\u00f3n de diagn\u00f3stico y de elaboraci\u00f3n del Plan de Actuaci\u00f3n TAMIRSE.<\/p>\t\t\t\t\t\t\t\t<\/div>\n\t\t\t\t<\/div>\n\t\t\t\t\t<\/div>\n\t\t<\/div>\n\t\t\t\t\t<\/div>\n\t\t<\/section>\n\t\t\t\t<section class=\"elementor-section elementor-top-section elementor-element elementor-element-f088689 elementor-section-boxed elementor-section-height-default elementor-section-height-default\" data-id=\"f088689\" data-element_type=\"section\" data-e-type=\"section\">\n\t\t\t\t\t\t<div class=\"elementor-container elementor-column-gap-default\">\n\t\t\t\t\t<div class=\"elementor-column elementor-col-50 elementor-top-column elementor-element elementor-element-854fe28\" data-id=\"854fe28\" data-element_type=\"column\" data-e-type=\"column\">\n\t\t\t<div class=\"elementor-widget-wrap elementor-element-populated\">\n\t\t\t\t\t\t<div class=\"elementor-element elementor-element-7170735 elementor-widget elementor-widget-image\" data-id=\"7170735\" data-element_type=\"widget\" data-e-type=\"widget\" data-widget_type=\"image.default\">\n\t\t\t\t<div class=\"elementor-widget-container\">\n\t\t\t\t\t\t\t\t\t\t\t\t\t\t\t\t<a href=\"https:\/\/innovarsenavarra.com\/\" target=\"_blank\">\n\t\t\t\t\t\t\t<img decoding=\"async\" width=\"150\" height=\"150\" src=\"https:\/\/gap-recursos.com\/wp-content\/uploads\/2022\/03\/INNOVARSE-150x150.jpg\" class=\"attachment-thumbnail size-thumbnail wp-image-61\" alt=\"\" \/>\t\t\t\t\t\t\t\t<\/a>\n\t\t\t\t\t\t\t\t\t\t\t\t\t\t\t<\/div>\n\t\t\t\t<\/div>\n\t\t\t\t\t<\/div>\n\t\t<\/div>\n\t\t\t\t<div class=\"elementor-column elementor-col-50 elementor-top-column elementor-element elementor-element-15ae48c\" data-id=\"15ae48c\" data-element_type=\"column\" data-e-type=\"column\">\n\t\t\t<div class=\"elementor-widget-wrap elementor-element-populated\">\n\t\t\t\t\t\t<div class=\"elementor-element elementor-element-6330ec3 elementor-widget elementor-widget-image\" data-id=\"6330ec3\" data-element_type=\"widget\" data-e-type=\"widget\" data-widget_type=\"image.default\">\n\t\t\t\t<div class=\"elementor-widget-container\">\n\t\t\t\t\t\t\t\t\t\t\t\t\t\t\t\t<a href=\"https:\/\/innovarsenavarra.com\/\" target=\"_blank\">\n\t\t\t\t\t\t\t<img decoding=\"async\" width=\"150\" height=\"150\" src=\"https:\/\/gap-recursos.com\/wp-content\/uploads\/2022\/03\/TAMIRSE-150x150.jpg\" class=\"attachment-thumbnail size-thumbnail wp-image-62\" alt=\"\" srcset=\"https:\/\/gap-recursos.com\/wp-content\/uploads\/2022\/03\/TAMIRSE-150x150.jpg 150w, https:\/\/gap-recursos.com\/wp-content\/uploads\/2022\/03\/TAMIRSE-300x300.jpg 300w, https:\/\/gap-recursos.com\/wp-content\/uploads\/2022\/03\/TAMIRSE-1024x1024.jpg 1024w, https:\/\/gap-recursos.com\/wp-content\/uploads\/2022\/03\/TAMIRSE-768x768.jpg 768w, https:\/\/gap-recursos.com\/wp-content\/uploads\/2022\/03\/TAMIRSE.jpg 1033w\" sizes=\"(max-width: 150px) 100vw, 150px\" \/>\t\t\t\t\t\t\t\t<\/a>\n\t\t\t\t\t\t\t\t\t\t\t\t\t\t\t<\/div>\n\t\t\t\t<\/div>\n\t\t\t\t\t<\/div>\n\t\t<\/div>\n\t\t\t\t\t<\/div>\n\t\t<\/section>\n\t\t\t\t<\/div>\n\t\t","protected":false},"excerpt":{"rendered":"<p>Comenzamos hace m\u00e1s de tres d\u00e9cadas, como \u201cGrup d\u2019Avaluaci\u00f3 de Pol\u00edtiques\u201d, GAP, ligados a la Fundaci\u00f3n Bosch i Gimpera (Universidad de Barcelona), desde 2001 dimos [&hellip;]<\/p>\n","protected":false},"author":1,"featured_media":0,"parent":0,"menu_order":0,"comment_status":"closed","ping_status":"closed","template":"page-templates\/page_front-page.php","meta":{"footnotes":""},"class_list":["post-361","page","type-page","status-publish","hentry"],"_links":{"self":[{"href":"https:\/\/gap-recursos.com\/index.php?rest_route=\/wp\/v2\/pages\/361","targetHints":{"allow":["GET"]}}],"collection":[{"href":"https:\/\/gap-recursos.com\/index.php?rest_route=\/wp\/v2\/pages"}],"about":[{"href":"https:\/\/gap-recursos.com\/index.php?rest_route=\/wp\/v2\/types\/page"}],"author":[{"embeddable":true,"href":"https:\/\/gap-recursos.com\/index.php?rest_route=\/wp\/v2\/users\/1"}],"replies":[{"embeddable":true,"href":"https:\/\/gap-recursos.com\/index.php?rest_route=%2Fwp%2Fv2%2Fcomments&post=361"}],"version-history":[{"count":28,"href":"https:\/\/gap-recursos.com\/index.php?rest_route=\/wp\/v2\/pages\/361\/revisions"}],"predecessor-version":[{"id":784,"href":"https:\/\/gap-recursos.com\/index.php?rest_route=\/wp\/v2\/pages\/361\/revisions\/784"}],"wp:attachment":[{"href":"https:\/\/gap-recursos.com\/index.php?rest_route=%2Fwp%2Fv2%2Fmedia&parent=361"}],"curies":[{"name":"wp","href":"https:\/\/api.w.org\/{rel}","templated":true}]}}