{"id":2,"date":"2019-10-23T10:49:22","date_gmt":"2019-10-23T10:49:22","guid":{"rendered":"http:\/\/demo.athemes.com\/sydney-redesign\/?page_id=2"},"modified":"2022-04-04T07:39:01","modified_gmt":"2022-04-04T07:39:01","slug":"sample-page","status":"publish","type":"page","link":"https:\/\/gap-recursos.com\/?page_id=2","title":{"rendered":"INICIO"},"content":{"rendered":"\t\t<div data-elementor-type=\"wp-page\" data-elementor-id=\"2\" class=\"elementor elementor-2\">\n\t\t\t\t\t\t<section class=\"elementor-section elementor-top-section elementor-element elementor-element-8644a2b elementor-section-boxed elementor-section-height-default elementor-section-height-default\" data-id=\"8644a2b\" data-element_type=\"section\" data-e-type=\"section\">\n\t\t\t\t\t\t<div class=\"elementor-container elementor-column-gap-default\">\n\t\t\t\t\t<div class=\"elementor-column elementor-col-50 elementor-top-column elementor-element elementor-element-9128fac\" data-id=\"9128fac\" data-element_type=\"column\" data-e-type=\"column\">\n\t\t\t<div class=\"elementor-widget-wrap elementor-element-populated\">\n\t\t\t\t\t\t<div class=\"elementor-element elementor-element-ff8e2c2 elementor-widget elementor-widget-text-editor\" data-id=\"ff8e2c2\" data-element_type=\"widget\" data-e-type=\"widget\" data-widget_type=\"text-editor.default\">\n\t\t\t\t<div class=\"elementor-widget-container\">\n\t\t\t\t\t\t\t\t\t<h5>\u00a0<\/h5><h5>\u00a0<\/h5><h5><span style=\"color: #000000;\">Nos dirigimos tanto al sector p\u00fablico, como al privado y muy especialmente a la interacci\u00f3n entre los dos \u00e1mbitos.<\/span><\/h5><p>\u00a0<\/p><p>\u00a0<\/p><h5><img fetchpriority=\"high\" decoding=\"async\" class=\"aligncenter wp-image-56 size-large\" src=\"https:\/\/gap-recursos.com\/wp-content\/uploads\/2022\/03\/SERVICIOS-1024x858.jpg\" alt=\"\" width=\"1024\" height=\"858\" srcset=\"https:\/\/gap-recursos.com\/wp-content\/uploads\/2022\/03\/SERVICIOS-1024x858.jpg 1024w, https:\/\/gap-recursos.com\/wp-content\/uploads\/2022\/03\/SERVICIOS-300x251.jpg 300w, https:\/\/gap-recursos.com\/wp-content\/uploads\/2022\/03\/SERVICIOS-768x643.jpg 768w, https:\/\/gap-recursos.com\/wp-content\/uploads\/2022\/03\/SERVICIOS-1536x1287.jpg 1536w, https:\/\/gap-recursos.com\/wp-content\/uploads\/2022\/03\/SERVICIOS-2048x1716.jpg 2048w, https:\/\/gap-recursos.com\/wp-content\/uploads\/2022\/03\/SERVICIOS-1568x1313.jpg 1568w\" sizes=\"(max-width: 1024px) 100vw, 1024px\" \/><\/h5><h5>\u00a0<\/h5><div><span style=\"color: #000000;\">\u00a0<\/span><\/div><div><span style=\"color: #000000;\">\u00a0<\/span><\/div><div><span style=\"color: #000000;\">\u00a0<\/span><\/div><div><span style=\"color: #000000;\">\u00a0<\/span><\/div><div><span style=\"color: #000000;\">\u00a0<\/span><\/div><div><span style=\"color: #000000;\">\u00a0<\/span><\/div><div><span style=\"color: #000000;\">\u00a0<\/span><\/div>\t\t\t\t\t\t\t\t<\/div>\n\t\t\t\t<\/div>\n\t\t\t\t\t<\/div>\n\t\t<\/div>\n\t\t\t\t<div class=\"elementor-column elementor-col-50 elementor-top-column elementor-element elementor-element-f2a87fc\" data-id=\"f2a87fc\" data-element_type=\"column\" data-e-type=\"column\">\n\t\t\t<div class=\"elementor-widget-wrap elementor-element-populated\">\n\t\t\t\t\t\t<div class=\"elementor-element elementor-element-b3963a9 elementor-widget elementor-widget-text-editor\" data-id=\"b3963a9\" data-element_type=\"widget\" data-e-type=\"widget\" data-widget_type=\"text-editor.default\">\n\t\t\t\t<div class=\"elementor-widget-container\">\n\t\t\t\t\t\t\t\t\t<h5>\u00a0<\/h5><h5>\u00a0<\/h5><h5><span style=\"color: #000000;\">Ofrecemos un servicio integral a la administraci\u00f3n y a organizaciones, que nos implica desde la fase de estudio hasta la gesti\u00f3n directa de actividades y la de evaluaci\u00f3n.<\/span><\/h5><div><span style=\"color: #000000;\">\u00a0<\/span><\/div><div><span style=\"color: #000000;\">\u00a0<\/span><\/div><div><img decoding=\"async\" class=\"aligncenter wp-image-58 size-large\" src=\"https:\/\/gap-recursos.com\/wp-content\/uploads\/2022\/03\/AREAS-TEMATICAS-1024x762.jpg\" alt=\"\" width=\"1024\" height=\"762\" srcset=\"https:\/\/gap-recursos.com\/wp-content\/uploads\/2022\/03\/AREAS-TEMATICAS-1024x762.jpg 1024w, https:\/\/gap-recursos.com\/wp-content\/uploads\/2022\/03\/AREAS-TEMATICAS-300x223.jpg 300w, https:\/\/gap-recursos.com\/wp-content\/uploads\/2022\/03\/AREAS-TEMATICAS-768x571.jpg 768w, https:\/\/gap-recursos.com\/wp-content\/uploads\/2022\/03\/AREAS-TEMATICAS-1536x1143.jpg 1536w, https:\/\/gap-recursos.com\/wp-content\/uploads\/2022\/03\/AREAS-TEMATICAS-2048x1524.jpg 2048w, https:\/\/gap-recursos.com\/wp-content\/uploads\/2022\/03\/AREAS-TEMATICAS-1568x1166.jpg 1568w\" sizes=\"(max-width: 1024px) 100vw, 1024px\" \/><\/div><div>\u00a0<\/div><div>\u00a0<\/div><div>\u00a0<\/div><div>\u00a0<\/div><div>\u00a0<\/div><div>\u00a0<\/div><div>\u00a0<\/div><div>\u00a0<\/div><div>\u00a0<\/div><div>\u00a0<\/div><div>\u00a0<\/div>\t\t\t\t\t\t\t\t<\/div>\n\t\t\t\t<\/div>\n\t\t\t\t\t<\/div>\n\t\t<\/div>\n\t\t\t\t\t<\/div>\n\t\t<\/section>\n\t\t\t\t<section class=\"elementor-section elementor-top-section elementor-element elementor-element-7a47a06 elementor-section-boxed elementor-section-height-default elementor-section-height-default\" data-id=\"7a47a06\" data-element_type=\"section\" data-e-type=\"section\">\n\t\t\t\t\t\t<div class=\"elementor-container elementor-column-gap-default\">\n\t\t\t\t\t<div class=\"elementor-column elementor-col-100 elementor-top-column elementor-element elementor-element-0a05d8f\" data-id=\"0a05d8f\" data-element_type=\"column\" data-e-type=\"column\">\n\t\t\t<div class=\"elementor-widget-wrap elementor-element-populated\">\n\t\t\t\t\t\t<div class=\"elementor-element elementor-element-2cb3c2b elementor-widget elementor-widget-spacer\" data-id=\"2cb3c2b\" data-element_type=\"widget\" data-e-type=\"widget\" data-widget_type=\"spacer.default\">\n\t\t\t\t<div class=\"elementor-widget-container\">\n\t\t\t\t\t\t\t<div class=\"elementor-spacer\">\n\t\t\t<div class=\"elementor-spacer-inner\"><\/div>\n\t\t<\/div>\n\t\t\t\t\t\t<\/div>\n\t\t\t\t<\/div>\n\t\t\t\t\t<\/div>\n\t\t<\/div>\n\t\t\t\t\t<\/div>\n\t\t<\/section>\n\t\t\t\t<section class=\"elementor-section elementor-top-section elementor-element elementor-element-39fe606 elementor-section-boxed elementor-section-height-default elementor-section-height-default\" data-id=\"39fe606\" data-element_type=\"section\" data-e-type=\"section\">\n\t\t\t\t\t\t<div class=\"elementor-container elementor-column-gap-default\">\n\t\t\t\t\t<div class=\"elementor-column elementor-col-100 elementor-top-column elementor-element elementor-element-d14b499\" data-id=\"d14b499\" data-element_type=\"column\" data-e-type=\"column\">\n\t\t\t<div class=\"elementor-widget-wrap elementor-element-populated\">\n\t\t\t\t\t\t<div class=\"elementor-element elementor-element-ddee906 elementor-widget elementor-widget-spacer\" data-id=\"ddee906\" data-element_type=\"widget\" data-e-type=\"widget\" data-widget_type=\"spacer.default\">\n\t\t\t\t<div class=\"elementor-widget-container\">\n\t\t\t\t\t\t\t<div class=\"elementor-spacer\">\n\t\t\t<div class=\"elementor-spacer-inner\"><\/div>\n\t\t<\/div>\n\t\t\t\t\t\t<\/div>\n\t\t\t\t<\/div>\n\t\t\t\t\t<\/div>\n\t\t<\/div>\n\t\t\t\t\t<\/div>\n\t\t<\/section>\n\t\t\t\t<\/div>\n\t\t","protected":false},"excerpt":{"rendered":"<p>&nbsp; &nbsp; Nos dirigimos tanto al sector p\u00fablico, como al privado y muy especialmente a la interacci\u00f3n entre los dos \u00e1mbitos. &nbsp; &nbsp; &nbsp; Ofrecemos [&hellip;]<\/p>\n","protected":false},"author":1,"featured_media":0,"parent":0,"menu_order":0,"comment_status":"closed","ping_status":"open","template":"","meta":{"footnotes":""},"class_list":["post-2","page","type-page","status-publish","hentry"],"_links":{"self":[{"href":"https:\/\/gap-recursos.com\/index.php?rest_route=\/wp\/v2\/pages\/2","targetHints":{"allow":["GET"]}}],"collection":[{"href":"https:\/\/gap-recursos.com\/index.php?rest_route=\/wp\/v2\/pages"}],"about":[{"href":"https:\/\/gap-recursos.com\/index.php?rest_route=\/wp\/v2\/types\/page"}],"author":[{"embeddable":true,"href":"https:\/\/gap-recursos.com\/index.php?rest_route=\/wp\/v2\/users\/1"}],"replies":[{"embeddable":true,"href":"https:\/\/gap-recursos.com\/index.php?rest_route=%2Fwp%2Fv2%2Fcomments&post=2"}],"version-history":[{"count":41,"href":"https:\/\/gap-recursos.com\/index.php?rest_route=\/wp\/v2\/pages\/2\/revisions"}],"predecessor-version":[{"id":770,"href":"https:\/\/gap-recursos.com\/index.php?rest_route=\/wp\/v2\/pages\/2\/revisions\/770"}],"wp:attachment":[{"href":"https:\/\/gap-recursos.com\/index.php?rest_route=%2Fwp%2Fv2%2Fmedia&parent=2"}],"curies":[{"name":"wp","href":"https:\/\/api.w.org\/{rel}","templated":true}]}}