{"id":13,"date":"2019-10-25T09:50:44","date_gmt":"2019-10-25T09:50:44","guid":{"rendered":"http:\/\/demo.athemes.com\/sydney-redesign\/?page_id=13"},"modified":"2022-04-10T10:00:18","modified_gmt":"2022-04-10T10:00:18","slug":"home","status":"publish","type":"page","link":"https:\/\/gap-recursos.com\/","title":{"rendered":"Home"},"content":{"rendered":"\t\t<div data-elementor-type=\"wp-page\" data-elementor-id=\"13\" class=\"elementor elementor-13\">\n\t\t\t\t\t\t<section class=\"elementor-section elementor-top-section elementor-element elementor-element-48774a4 elementor-section-boxed elementor-section-height-default elementor-section-height-default\" data-id=\"48774a4\" data-element_type=\"section\" data-e-type=\"section\">\n\t\t\t\t\t\t<div class=\"elementor-container elementor-column-gap-default\">\n\t\t\t\t\t<div class=\"elementor-column elementor-col-100 elementor-top-column elementor-element elementor-element-9869010\" data-id=\"9869010\" data-element_type=\"column\" data-e-type=\"column\">\n\t\t\t<div class=\"elementor-widget-wrap elementor-element-populated\">\n\t\t\t\t\t\t<div class=\"elementor-element elementor-element-4cd0216 elementor-widget elementor-widget-heading\" data-id=\"4cd0216\" data-element_type=\"widget\" data-e-type=\"widget\" data-widget_type=\"heading.default\">\n\t\t\t\t<div class=\"elementor-widget-container\">\n\t\t\t\t\t<h1 class=\"elementor-heading-title elementor-size-default\">SERVICIOS<\/h1>\t\t\t\t<\/div>\n\t\t\t\t<\/div>\n\t\t\t\t<div class=\"elementor-element elementor-element-ffc665b elementor-widget elementor-widget-heading\" data-id=\"ffc665b\" data-element_type=\"widget\" data-e-type=\"widget\" data-widget_type=\"heading.default\">\n\t\t\t\t<div class=\"elementor-widget-container\">\n\t\t\t\t\t<h3 class=\"elementor-heading-title elementor-size-default\">Consultora especializada en evaluaci\u00f3n de pol\u00edticas p\u00fablicas aplicadas en el medio rural y de impulso a la sostenibilidad (econ\u00f3mica, social y ambiental) <\/h3>\t\t\t\t<\/div>\n\t\t\t\t<\/div>\n\t\t\t\t<div class=\"elementor-element elementor-element-96c808e our_work elementor-invisible elementor-widget elementor-widget-athemes-portfolio\" data-id=\"96c808e\" data-element_type=\"widget\" data-e-type=\"widget\" data-settings=\"{&quot;_animation&quot;:&quot;rollIn&quot;}\" data-widget_type=\"athemes-portfolio.default\">\n\t\t\t\t<div class=\"elementor-widget-container\">\n\t\t\t\t\t\n\t\t<div class=\"project-wrap portfolio-section style1\">\n\n\t\t\t<ul class=\"project-filter\" id=\"filters\">\n\t\t\t\t<li><a href=\"#\" data-filter=\"*\">Mostrar todo<\/a><\/li>\n\n\t\t\t\t\n\t\t\t\t\t\t\t\t\t\t\t\t\t\t\t\t\t\t\t\t\t\t\t\t\t\t\t\t\t\t\t\t\t\t\t\t\t\t\t\t\t\t\t\t\t\t\t\t\t\t\t\t\t\t\t\t\t\t\n\t\t\t\t\n\t\t\t\t\t<li><a href='#' data-filter='.'><\/a><\/li>\n\n\t\t\t\t\n\t\t\t<\/ul>\n\n\t\t\t<div class=\"roll-project fullwidth\">\n\t\t\t\t<div class=\"isotope-container\" data-portfolio-effect=\"fadeInUp\">\n\n\t\t\t\t\t\t\t\t                    \n\t\t\t\t<div class=\"project-item item isotope-item \">\n\t\t\t\t\t<div class=\"project-inner\">\n\t\t\t\t\t\t\n\t\t\t\t\t\t\n\t\t\t\t\t\t<a href=\"#\" class=\"project-pop-wrap\" target=\"_blank\" rel=\"nofollow\">\n\t\t\t\t\t\t\t<div class=\"project-pop\"><\/div>\n\t\t\t\t\t\t\t<div class=\"project-title-wrap\">\n\t\t\t\t\t\t\t\t<h3 class=\"project-title\">\n\t\t\t\t\t\t\t\t\t<span>Generar Conocimiento para el dise\u00f1o de las intervenciones <\/span>\n\t\t\t\t\t\t\t\t<\/h3>\n\t\t\t\t\t\t\t<\/div>\t\t\t\t\t\t\t\n\t\t\t\t\t\t<\/a>\n\t\t\t\t\t\t<a href=\"#\">\n\t\t\t\t\t\t\t\t\t\t\t\t\t\t<img decoding=\"async\" src=\"https:\/\/gap-recursos.com\/wp-content\/uploads\/2022\/03\/20191119_190139.jpg\" alt=\"Dar cumplimiento a las exigencias de seguimiento y evaluaci\u00f3n de los Fondos Europeos\"\/>\n\t\t\t\t\t\t\t\t\t\t\t\t\t<\/a>\n\t\t\t\t\t<\/div>\n\t\t\t\t<\/div>\n\n\t\t\t\t\t\t\t\t                    \n\t\t\t\t<div class=\"project-item item isotope-item \">\n\t\t\t\t\t<div class=\"project-inner\">\n\t\t\t\t\t\t\n\t\t\t\t\t\t\n\t\t\t\t\t\t<a href=\"#\" class=\"project-pop-wrap\" target=\"_blank\" rel=\"nofollow\">\n\t\t\t\t\t\t\t<div class=\"project-pop\"><\/div>\n\t\t\t\t\t\t\t<div class=\"project-title-wrap\">\n\t\t\t\t\t\t\t\t<h3 class=\"project-title\">\n\t\t\t\t\t\t\t\t\t<span>Participaci\u00f3n de los grupos objetivos en la planificaci\u00f3n<\/span>\n\t\t\t\t\t\t\t\t<\/h3>\n\t\t\t\t\t\t\t<\/div>\t\t\t\t\t\t\t\n\t\t\t\t\t\t<\/a>\n\t\t\t\t\t\t<a href=\"#\">\n\t\t\t\t\t\t\t\t\t\t\t\t\t\t<img decoding=\"async\" src=\"https:\/\/gap-recursos.com\/wp-content\/uploads\/2022\/03\/IMG-20191127-WA0000.jpg\" alt=\"Evaluar los resultados e impactos de las pol\u00edticas\"\/>\n\t\t\t\t\t\t\t\t\t\t\t\t\t<\/a>\n\t\t\t\t\t<\/div>\n\t\t\t\t<\/div>\n\n\t\t\t\t\t\t\t\t                    \n\t\t\t\t<div class=\"project-item item isotope-item \">\n\t\t\t\t\t<div class=\"project-inner\">\n\t\t\t\t\t\t\n\t\t\t\t\t\t\n\t\t\t\t\t\t<a href=\"#\" class=\"project-pop-wrap\" target=\"_blank\" rel=\"nofollow\">\n\t\t\t\t\t\t\t<div class=\"project-pop\"><\/div>\n\t\t\t\t\t\t\t<div class=\"project-title-wrap\">\n\t\t\t\t\t\t\t\t<h3 class=\"project-title\">\n\t\t\t\t\t\t\t\t\t<span>Actividades econ\u00f3micas rurales<\/span>\n\t\t\t\t\t\t\t\t<\/h3>\n\t\t\t\t\t\t\t<\/div>\t\t\t\t\t\t\t\n\t\t\t\t\t\t<\/a>\n\t\t\t\t\t\t<a href=\"#\">\n\t\t\t\t\t\t\t\t\t\t\t\t\t\t<img decoding=\"async\" src=\"https:\/\/gap-recursos.com\/wp-content\/uploads\/2022\/04\/IMG-20200307-WA0008.jpg\" alt=\"IMG-20200307-WA0008\"\/>\n\t\t\t\t\t\t\t\t\t\t\t\t\t<\/a>\n\t\t\t\t\t<\/div>\n\t\t\t\t<\/div>\n\n\t\t\t\t\t\t\t\t                    \n\t\t\t\t<div class=\"project-item item isotope-item \">\n\t\t\t\t\t<div class=\"project-inner\">\n\t\t\t\t\t\t\n\t\t\t\t\t\t\n\t\t\t\t\t\t<a href=\"#\" class=\"project-pop-wrap\" target=\"_blank\" rel=\"nofollow\">\n\t\t\t\t\t\t\t<div class=\"project-pop\"><\/div>\n\t\t\t\t\t\t\t<div class=\"project-title-wrap\">\n\t\t\t\t\t\t\t\t<h3 class=\"project-title\">\n\t\t\t\t\t\t\t\t\t<span>Evaluar resultados de impactos<\/span>\n\t\t\t\t\t\t\t\t<\/h3>\n\t\t\t\t\t\t\t<\/div>\t\t\t\t\t\t\t\n\t\t\t\t\t\t<\/a>\n\t\t\t\t\t\t<a href=\"#\">\n\t\t\t\t\t\t\t\t\t\t\t\t\t\t<img decoding=\"async\" src=\"https:\/\/gap-recursos.com\/wp-content\/uploads\/2022\/03\/DSC_0806.jpg\" alt=\"Generar Conocimiento para el dise\u00f1o de las intervenciones\"\/>\n\t\t\t\t\t\t\t\t\t\t\t\t\t<\/a>\n\t\t\t\t\t<\/div>\n\t\t\t\t<\/div>\n\n\t\t\t\t\t\t\t\t                    \n\t\t\t\t<div class=\"project-item item isotope-item \">\n\t\t\t\t\t<div class=\"project-inner\">\n\t\t\t\t\t\t\n\t\t\t\t\t\t\n\t\t\t\t\t\t<a href=\"#\" class=\"project-pop-wrap\" target=\"_blank\" rel=\"nofollow\">\n\t\t\t\t\t\t\t<div class=\"project-pop\"><\/div>\n\t\t\t\t\t\t\t<div class=\"project-title-wrap\">\n\t\t\t\t\t\t\t\t<h3 class=\"project-title\">\n\t\t\t\t\t\t\t\t\t<span>Dar cumplimiento a las exigencias de seguimiento y evaluaci\u00f3n de los Fondos Europeos<\/span>\n\t\t\t\t\t\t\t\t<\/h3>\n\t\t\t\t\t\t\t<\/div>\t\t\t\t\t\t\t\n\t\t\t\t\t\t<\/a>\n\t\t\t\t\t\t<a href=\"#\">\n\t\t\t\t\t\t\t\t\t\t\t\t\t\t<img decoding=\"async\" src=\"https:\/\/gap-recursos.com\/wp-content\/uploads\/2022\/03\/DSC_0768.jpg\" alt=\"DSC_0768\"\/>\n\t\t\t\t\t\t\t\t\t\t\t\t\t<\/a>\n\t\t\t\t\t<\/div>\n\t\t\t\t<\/div>\n\n\t\t\t\t\t\t\t\t                    \n\t\t\t\t<div class=\"project-item item isotope-item \">\n\t\t\t\t\t<div class=\"project-inner\">\n\t\t\t\t\t\t\n\t\t\t\t\t\t\n\t\t\t\t\t\t<a href=\"#\" class=\"project-pop-wrap\" target=\"_blank\" rel=\"nofollow\">\n\t\t\t\t\t\t\t<div class=\"project-pop\"><\/div>\n\t\t\t\t\t\t\t<div class=\"project-title-wrap\">\n\t\t\t\t\t\t\t\t<h3 class=\"project-title\">\n\t\t\t\t\t\t\t\t\t<span>Estudios agroambientales y socioecon\u00f3micos<\/span>\n\t\t\t\t\t\t\t\t<\/h3>\n\t\t\t\t\t\t\t<\/div>\t\t\t\t\t\t\t\n\t\t\t\t\t\t<\/a>\n\t\t\t\t\t\t<a href=\"#\">\n\t\t\t\t\t\t\t\t\t\t\t\t\t\t<img decoding=\"async\" src=\"https:\/\/gap-recursos.com\/wp-content\/uploads\/2022\/03\/DSC_0433.jpg\" alt=\"DSC_0433\"\/>\n\t\t\t\t\t\t\t\t\t\t\t\t\t<\/a>\n\t\t\t\t\t<\/div>\n\t\t\t\t<\/div>\n\n\t\t\t\t\t\t\t\t\n\t\t\t\t<\/div>\n\t\t\t<\/div>\n\t\t<\/div>\n\n\t\t\t\t\t\t<\/div>\n\t\t\t\t<\/div>\n\t\t\t\t\t<\/div>\n\t\t<\/div>\n\t\t\t\t\t<\/div>\n\t\t<\/section>\n\t\t\t\t<\/div>\n\t\t","protected":false},"excerpt":{"rendered":"<p>SERVICIOS Consultora especializada en evaluaci\u00f3n de pol\u00edticas p\u00fablicas aplicadas en el medio rural y de impulso a la sostenibilidad (econ\u00f3mica, social y ambiental) Mostrar todos [&hellip;]<\/p>\n","protected":false},"author":1,"featured_media":0,"parent":0,"menu_order":0,"comment_status":"closed","ping_status":"closed","template":"page-templates\/page_front-page.php","meta":{"footnotes":""},"class_list":["post-13","page","type-page","status-publish","hentry"],"_links":{"self":[{"href":"https:\/\/gap-recursos.com\/index.php?rest_route=\/wp\/v2\/pages\/13","targetHints":{"allow":["GET"]}}],"collection":[{"href":"https:\/\/gap-recursos.com\/index.php?rest_route=\/wp\/v2\/pages"}],"about":[{"href":"https:\/\/gap-recursos.com\/index.php?rest_route=\/wp\/v2\/types\/page"}],"author":[{"embeddable":true,"href":"https:\/\/gap-recursos.com\/index.php?rest_route=\/wp\/v2\/users\/1"}],"replies":[{"embeddable":true,"href":"https:\/\/gap-recursos.com\/index.php?rest_route=%2Fwp%2Fv2%2Fcomments&post=13"}],"version-history":[{"count":22,"href":"https:\/\/gap-recursos.com\/index.php?rest_route=\/wp\/v2\/pages\/13\/revisions"}],"predecessor-version":[{"id":778,"href":"https:\/\/gap-recursos.com\/index.php?rest_route=\/wp\/v2\/pages\/13\/revisions\/778"}],"wp:attachment":[{"href":"https:\/\/gap-recursos.com\/index.php?rest_route=%2Fwp%2Fv2%2Fmedia&parent=13"}],"curies":[{"name":"wp","href":"https:\/\/api.w.org\/{rel}","templated":true}]}}